{"id":54,"date":"2025-05-15T22:12:03","date_gmt":"2025-05-15T20:12:03","guid":{"rendered":"https:\/\/leklarkifouparc.alwaysdata.net\/wordpress\/?page_id=54"},"modified":"2025-05-15T23:31:43","modified_gmt":"2025-05-15T21:31:43","slug":"le-parc","status":"publish","type":"page","link":"https:\/\/leklarkifouparc.alwaysdata.net\/wordpress\/le-parc\/","title":{"rendered":"Le parc"},"content":{"rendered":"\n<div class=\"wp-block-columns has-background is-layout-flex wp-container-core-columns-is-layout-e0e4babd wp-block-columns-is-layout-flex\" style=\"border-radius:100px;background-color:#92bcbc;padding-right:0;padding-left:0\">\n<div class=\"wp-block-column is-layout-flow wp-block-column-is-layout-flow\" style=\"flex-basis:25%\"><\/div>\n\n\n\n<div class=\"wp-block-column is-layout-flow wp-block-column-is-layout-flow\" style=\"flex-basis:50%\">\n<h2 class=\"wp-block-heading has-text-align-center\">Horaire<\/h2>\n\n\n\n<p class=\"has-text-align-center\">p\u00e9riode scolaire :                                                                                                    restaurant ouvert du lundi au vendredi de 11h &#8211; 17h                                                   parc ouvert le week-end de 9h &#8211; 18h                                                                        vacance scolaire :                                                                                                    ouvert 7j\/7 de 9h &#8211; 23h <\/p>\n<\/div>\n\n\n\n<div class=\"wp-block-column is-layout-flow wp-block-column-is-layout-flow\" style=\"flex-basis:25%\"><\/div>\n<\/div>\n\n\n\n<hr class=\"wp-block-separator has-alpha-channel-opacity\" style=\"margin-top:var(--wp--preset--spacing--small);margin-bottom:var(--wp--preset--spacing--small)\"\/>\n\n\n\n<div class=\"wp-block-columns is-layout-flex wp-container-core-columns-is-layout-28f84493 wp-block-columns-is-layout-flex\">\n<div class=\"wp-block-column is-layout-flow wp-block-column-is-layout-flow\">\n<div class=\"wp-block-columns is-layout-flex wp-container-core-columns-is-layout-28f84493 wp-block-columns-is-layout-flex\">\n<div class=\"wp-block-column is-layout-flow wp-block-column-is-layout-flow\">\n<figure class=\"wp-block-image size-large\"><img loading=\"lazy\" decoding=\"async\" width=\"736\" height=\"552\" src=\"https:\/\/leklarkifouparc.alwaysdata.net\/wordpress\/wp-content\/uploads\/2025\/05\/a658818bf83f787e9570af816aaea42f-edited.jpg\" alt=\"\" class=\"wp-image-80\" srcset=\"https:\/\/leklarkifouparc.alwaysdata.net\/wordpress\/wp-content\/uploads\/2025\/05\/a658818bf83f787e9570af816aaea42f-edited.jpg 736w, https:\/\/leklarkifouparc.alwaysdata.net\/wordpress\/wp-content\/uploads\/2025\/05\/a658818bf83f787e9570af816aaea42f-edited-300x225.jpg 300w\" sizes=\"auto, (max-width: 736px) 100vw, 736px\" \/><\/figure>\n<\/div>\n<\/div>\n<\/div>\n\n\n\n<div class=\"wp-block-column is-layout-flow wp-block-column-is-layout-flow\">\n<p><\/p>\n\n\n\n<p><\/p>\n\n\n\n<h2 class=\"wp-block-heading has-text-align-center\"><mark style=\"background-color:rgba(0, 0, 0, 0);color:#d9aa46\" class=\"has-inline-color\">Venez d\u00e9couvrir nos super attractions !<\/mark><\/h2>\n\n\n\n<p>D\u00e9couvrez un univers de fun et d\u2019aventure ! Glissez sur le&nbsp;Toboggan du Serpent G\u00e9ant, grimpez dans la&nbsp;Cabane de la Chenille Souriante, ou tournez dans le ciel avec le&nbsp;Man\u00e8ge de l\u2019Avion. Pour les plus petits, la&nbsp;Glissade de la Chenillepromet des rires \u00e0 gogo. Les familles profitent d\u2019un moment de d\u00e9tente \u00e0 l\u2019Espace Parents&nbsp;ou savourent une pause gourmande \u00e0 l\u2019espace&nbsp;Restauration. Et pour une vue magique, direction la&nbsp;Grande Roue&nbsp;!<\/p>\n\n\n\n<p><\/p>\n<\/div>\n<\/div>\n\n\n\n<hr class=\"wp-block-separator has-alpha-channel-opacity\"\/>\n\n\n\n<div class=\"wp-block-columns is-layout-flex wp-container-core-columns-is-layout-28f84493 wp-block-columns-is-layout-flex\">\n<div class=\"wp-block-column is-layout-flow wp-block-column-is-layout-flow\">\n<h2 class=\"wp-block-heading has-text-align-center\"><mark style=\"background-color:rgba(0, 0, 0, 0);color:#d9aa46\" class=\"has-inline-color\">Faites une pause gourmande au c\u0153ur de la savane <\/mark><\/h2>\n\n\n\n<p class=\"has-text-align-center\">Bienvenue dans notre restaurant au d\u00e9cor unique, enti\u00e8rement plong\u00e9 dans l\u2019univers de la savane ! Entre lions majestueux, feuillages exotiques et sons de la nature, vivez une exp\u00e9rience immersive d\u00e9paysante, comme si vous \u00e9tiez en plein c\u0153ur de l\u2019Afrique. Ouvert&nbsp;7 jours sur 7, toute l\u2019ann\u00e9e, notre restaurant vous accueille&nbsp;m\u00eame en dehors des horaires d\u2019ouverture du parc&nbsp;pour une pause gourmande pleine d\u2019\u00e9vasion. Que ce soit en famille, entre amis ou pour un moment d\u00e9tente, laissez-vous emporter par l\u2019ambiance chaleureuse et les saveurs g\u00e9n\u00e9reuses de notre carte. Une v\u00e9ritable aventure culinaire vous attend, \u00e9t\u00e9 comme hiver !<\/p>\n<\/div>\n\n\n\n<div class=\"wp-block-column is-layout-flow wp-block-column-is-layout-flow\">\n<figure class=\"wp-block-image size-full\"><img loading=\"lazy\" decoding=\"async\" width=\"736\" height=\"552\" src=\"https:\/\/leklarkifouparc.alwaysdata.net\/wordpress\/wp-content\/uploads\/2025\/05\/Unknown-2-edited.jpg\" alt=\"\" class=\"wp-image-70\" srcset=\"https:\/\/leklarkifouparc.alwaysdata.net\/wordpress\/wp-content\/uploads\/2025\/05\/Unknown-2-edited.jpg 736w, https:\/\/leklarkifouparc.alwaysdata.net\/wordpress\/wp-content\/uploads\/2025\/05\/Unknown-2-edited-300x225.jpg 300w\" sizes=\"auto, (max-width: 736px) 100vw, 736px\" \/><\/figure>\n<\/div>\n<\/div>\n\n\n\n<hr class=\"wp-block-separator has-alpha-channel-opacity\"\/>\n\n\n\n<div class=\"wp-block-columns is-layout-flex wp-container-core-columns-is-layout-28f84493 wp-block-columns-is-layout-flex\">\n<div class=\"wp-block-column is-layout-flow wp-block-column-is-layout-flow\">\n<figure class=\"wp-block-image size-large\"><img loading=\"lazy\" decoding=\"async\" width=\"736\" height=\"552\" src=\"https:\/\/leklarkifouparc.alwaysdata.net\/wordpress\/wp-content\/uploads\/2025\/05\/b49559f4037d49319448b1744714cd13-edited.jpg\" alt=\"\" class=\"wp-image-76\" srcset=\"https:\/\/leklarkifouparc.alwaysdata.net\/wordpress\/wp-content\/uploads\/2025\/05\/b49559f4037d49319448b1744714cd13-edited.jpg 736w, https:\/\/leklarkifouparc.alwaysdata.net\/wordpress\/wp-content\/uploads\/2025\/05\/b49559f4037d49319448b1744714cd13-edited-300x225.jpg 300w\" sizes=\"auto, (max-width: 736px) 100vw, 736px\" \/><\/figure>\n<\/div>\n\n\n\n<div class=\"wp-block-column is-layout-flow wp-block-column-is-layout-flow\">\n<p><\/p>\n\n\n\n<h2 class=\"wp-block-heading has-text-align-center\"><mark style=\"background-color:rgba(0, 0, 0, 0);color:#d9aa46\" class=\"has-inline-color\">Un moment hors du temps<\/mark><\/h2>\n\n\n\n<p class=\"has-text-align-center\">Prenez le temps de souffler dans notre&nbsp;espace d\u00e9tente d\u00e9di\u00e9 aux parents, un havre de tranquillit\u00e9 nich\u00e9 au c\u0153ur du parc. Dans une ambiance calme et ombrag\u00e9e, profitez de transats confortables, de brumisateurs et de boissons rafra\u00eechissantes pendant que les enfants s\u2019amusent \u00e0 proximit\u00e9. Cet espace est accessible&nbsp;uniquement pendant les jours d\u2019ouverture du parc, pour vous offrir un vrai moment de pause bien m\u00e9rit\u00e9. Parce que pendant que les petits vivent de grandes aventures, les grands ont aussi droit \u00e0 un instant de repos!<\/p>\n<\/div>\n<\/div>\n\n\n\n<p><\/p>\n","protected":false},"excerpt":{"rendered":"<p>Horaire p\u00e9riode scolaire : restaurant ouvert du lundi au vendredi de 11h &#8211; 17h parc ouvert le week-end de 9h &#8211; 18h vacance scolaire : ouvert 7j\/7 de 9h &#8211; 23h Venez d\u00e9couvrir nos super attractions ! D\u00e9couvrez un univers de fun et d\u2019aventure ! Glissez sur le&nbsp;Toboggan du Serpent G\u00e9ant, grimpez dans la&nbsp;Cabane de &hellip; <\/p>\n<p class=\"link-more\"><a href=\"https:\/\/leklarkifouparc.alwaysdata.net\/wordpress\/le-parc\/\" class=\"more-link\">Lire la suite de<span class=\"screen-reader-text\">\u00ab\u00a0Le parc\u00a0\u00bb<\/span><\/a><\/p>\n","protected":false},"author":1,"featured_media":31,"parent":0,"menu_order":0,"comment_status":"closed","ping_status":"closed","template":"","meta":{"footnotes":""},"class_list":["post-54","page","type-page","status-publish","has-post-thumbnail","hentry"],"yoast_head":"<!-- This site is optimized with the Yoast SEO plugin v27.4 - https:\/\/yoast.com\/product\/yoast-seo-wordpress\/ -->\n<title>Le parc - Klarkifou Parc<\/title>\n<meta name=\"robots\" content=\"index, follow, max-snippet:-1, max-image-preview:large, max-video-preview:-1\" \/>\n<link rel=\"canonical\" href=\"https:\/\/leklarkifouparc.alwaysdata.net\/wordpress\/le-parc\/\" \/>\n<meta property=\"og:locale\" content=\"fr_FR\" \/>\n<meta property=\"og:type\" content=\"article\" \/>\n<meta property=\"og:title\" content=\"Le parc - Klarkifou Parc\" \/>\n<meta property=\"og:description\" content=\"Horaire p\u00e9riode scolaire : restaurant ouvert du lundi au vendredi de 11h &#8211; 17h parc ouvert le week-end de 9h &#8211; 18h vacance scolaire : ouvert 7j\/7 de 9h &#8211; 23h Venez d\u00e9couvrir nos super attractions ! D\u00e9couvrez un univers de fun et d\u2019aventure ! Glissez sur le&nbsp;Toboggan du Serpent G\u00e9ant, grimpez dans la&nbsp;Cabane de &hellip; Lire la suite de\u00ab\u00a0Le parc\u00a0\u00bb\" \/>\n<meta property=\"og:url\" content=\"https:\/\/leklarkifouparc.alwaysdata.net\/wordpress\/le-parc\/\" \/>\n<meta property=\"og:site_name\" content=\"Klarkifou Parc\" \/>\n<meta property=\"article:modified_time\" content=\"2025-05-15T21:31:43+00:00\" \/>\n<meta property=\"og:image\" content=\"https:\/\/leklarkifouparc.alwaysdata.net\/wordpress\/wp-content\/uploads\/2025\/05\/Gemini_Generated_Image_qjjjq8qjjjq8qjjj.jpeg\" \/>\n\t<meta property=\"og:image:width\" content=\"2048\" \/>\n\t<meta property=\"og:image:height\" content=\"2048\" \/>\n\t<meta property=\"og:image:type\" content=\"image\/jpeg\" \/>\n<meta name=\"twitter:card\" content=\"summary_large_image\" \/>\n<meta name=\"twitter:label1\" content=\"Dur\u00e9e de lecture estim\u00e9e\" \/>\n\t<meta name=\"twitter:data1\" content=\"3 minutes\" \/>\n<script type=\"application\/ld+json\" class=\"yoast-schema-graph\">{\"@context\":\"https:\\\/\\\/schema.org\",\"@graph\":[{\"@type\":\"WebPage\",\"@id\":\"https:\\\/\\\/leklarkifouparc.alwaysdata.net\\\/wordpress\\\/le-parc\\\/\",\"url\":\"https:\\\/\\\/leklarkifouparc.alwaysdata.net\\\/wordpress\\\/le-parc\\\/\",\"name\":\"Le parc - Klarkifou Parc\",\"isPartOf\":{\"@id\":\"https:\\\/\\\/leklarkifouparc.alwaysdata.net\\\/wordpress\\\/#website\"},\"primaryImageOfPage\":{\"@id\":\"https:\\\/\\\/leklarkifouparc.alwaysdata.net\\\/wordpress\\\/le-parc\\\/#primaryimage\"},\"image\":{\"@id\":\"https:\\\/\\\/leklarkifouparc.alwaysdata.net\\\/wordpress\\\/le-parc\\\/#primaryimage\"},\"thumbnailUrl\":\"https:\\\/\\\/leklarkifouparc.alwaysdata.net\\\/wordpress\\\/wp-content\\\/uploads\\\/2025\\\/05\\\/Gemini_Generated_Image_qjjjq8qjjjq8qjjj.jpeg\",\"datePublished\":\"2025-05-15T20:12:03+00:00\",\"dateModified\":\"2025-05-15T21:31:43+00:00\",\"breadcrumb\":{\"@id\":\"https:\\\/\\\/leklarkifouparc.alwaysdata.net\\\/wordpress\\\/le-parc\\\/#breadcrumb\"},\"inLanguage\":\"fr-FR\",\"potentialAction\":[{\"@type\":\"ReadAction\",\"target\":[\"https:\\\/\\\/leklarkifouparc.alwaysdata.net\\\/wordpress\\\/le-parc\\\/\"]}]},{\"@type\":\"ImageObject\",\"inLanguage\":\"fr-FR\",\"@id\":\"https:\\\/\\\/leklarkifouparc.alwaysdata.net\\\/wordpress\\\/le-parc\\\/#primaryimage\",\"url\":\"https:\\\/\\\/leklarkifouparc.alwaysdata.net\\\/wordpress\\\/wp-content\\\/uploads\\\/2025\\\/05\\\/Gemini_Generated_Image_qjjjq8qjjjq8qjjj.jpeg\",\"contentUrl\":\"https:\\\/\\\/leklarkifouparc.alwaysdata.net\\\/wordpress\\\/wp-content\\\/uploads\\\/2025\\\/05\\\/Gemini_Generated_Image_qjjjq8qjjjq8qjjj.jpeg\",\"width\":2048,\"height\":2048},{\"@type\":\"BreadcrumbList\",\"@id\":\"https:\\\/\\\/leklarkifouparc.alwaysdata.net\\\/wordpress\\\/le-parc\\\/#breadcrumb\",\"itemListElement\":[{\"@type\":\"ListItem\",\"position\":1,\"name\":\"Accueil\",\"item\":\"https:\\\/\\\/leklarkifouparc.alwaysdata.net\\\/wordpress\\\/\"},{\"@type\":\"ListItem\",\"position\":2,\"name\":\"Le parc\"}]},{\"@type\":\"WebSite\",\"@id\":\"https:\\\/\\\/leklarkifouparc.alwaysdata.net\\\/wordpress\\\/#website\",\"url\":\"https:\\\/\\\/leklarkifouparc.alwaysdata.net\\\/wordpress\\\/\",\"name\":\"Klarkifou Parc\",\"description\":\"Les plus belles aventures commencent ici\",\"potentialAction\":[{\"@type\":\"SearchAction\",\"target\":{\"@type\":\"EntryPoint\",\"urlTemplate\":\"https:\\\/\\\/leklarkifouparc.alwaysdata.net\\\/wordpress\\\/?s={search_term_string}\"},\"query-input\":{\"@type\":\"PropertyValueSpecification\",\"valueRequired\":true,\"valueName\":\"search_term_string\"}}],\"inLanguage\":\"fr-FR\"}]}<\/script>\n<!-- \/ Yoast SEO plugin. -->","yoast_head_json":{"title":"Le parc - Klarkifou Parc","robots":{"index":"index","follow":"follow","max-snippet":"max-snippet:-1","max-image-preview":"max-image-preview:large","max-video-preview":"max-video-preview:-1"},"canonical":"https:\/\/leklarkifouparc.alwaysdata.net\/wordpress\/le-parc\/","og_locale":"fr_FR","og_type":"article","og_title":"Le parc - Klarkifou Parc","og_description":"Horaire p\u00e9riode scolaire : restaurant ouvert du lundi au vendredi de 11h &#8211; 17h parc ouvert le week-end de 9h &#8211; 18h vacance scolaire : ouvert 7j\/7 de 9h &#8211; 23h Venez d\u00e9couvrir nos super attractions ! D\u00e9couvrez un univers de fun et d\u2019aventure ! Glissez sur le&nbsp;Toboggan du Serpent G\u00e9ant, grimpez dans la&nbsp;Cabane de &hellip; Lire la suite de\u00ab\u00a0Le parc\u00a0\u00bb","og_url":"https:\/\/leklarkifouparc.alwaysdata.net\/wordpress\/le-parc\/","og_site_name":"Klarkifou Parc","article_modified_time":"2025-05-15T21:31:43+00:00","og_image":[{"width":2048,"height":2048,"url":"https:\/\/leklarkifouparc.alwaysdata.net\/wordpress\/wp-content\/uploads\/2025\/05\/Gemini_Generated_Image_qjjjq8qjjjq8qjjj.jpeg","type":"image\/jpeg"}],"twitter_card":"summary_large_image","twitter_misc":{"Dur\u00e9e de lecture estim\u00e9e":"3 minutes"},"schema":{"@context":"https:\/\/schema.org","@graph":[{"@type":"WebPage","@id":"https:\/\/leklarkifouparc.alwaysdata.net\/wordpress\/le-parc\/","url":"https:\/\/leklarkifouparc.alwaysdata.net\/wordpress\/le-parc\/","name":"Le parc - Klarkifou Parc","isPartOf":{"@id":"https:\/\/leklarkifouparc.alwaysdata.net\/wordpress\/#website"},"primaryImageOfPage":{"@id":"https:\/\/leklarkifouparc.alwaysdata.net\/wordpress\/le-parc\/#primaryimage"},"image":{"@id":"https:\/\/leklarkifouparc.alwaysdata.net\/wordpress\/le-parc\/#primaryimage"},"thumbnailUrl":"https:\/\/leklarkifouparc.alwaysdata.net\/wordpress\/wp-content\/uploads\/2025\/05\/Gemini_Generated_Image_qjjjq8qjjjq8qjjj.jpeg","datePublished":"2025-05-15T20:12:03+00:00","dateModified":"2025-05-15T21:31:43+00:00","breadcrumb":{"@id":"https:\/\/leklarkifouparc.alwaysdata.net\/wordpress\/le-parc\/#breadcrumb"},"inLanguage":"fr-FR","potentialAction":[{"@type":"ReadAction","target":["https:\/\/leklarkifouparc.alwaysdata.net\/wordpress\/le-parc\/"]}]},{"@type":"ImageObject","inLanguage":"fr-FR","@id":"https:\/\/leklarkifouparc.alwaysdata.net\/wordpress\/le-parc\/#primaryimage","url":"https:\/\/leklarkifouparc.alwaysdata.net\/wordpress\/wp-content\/uploads\/2025\/05\/Gemini_Generated_Image_qjjjq8qjjjq8qjjj.jpeg","contentUrl":"https:\/\/leklarkifouparc.alwaysdata.net\/wordpress\/wp-content\/uploads\/2025\/05\/Gemini_Generated_Image_qjjjq8qjjjq8qjjj.jpeg","width":2048,"height":2048},{"@type":"BreadcrumbList","@id":"https:\/\/leklarkifouparc.alwaysdata.net\/wordpress\/le-parc\/#breadcrumb","itemListElement":[{"@type":"ListItem","position":1,"name":"Accueil","item":"https:\/\/leklarkifouparc.alwaysdata.net\/wordpress\/"},{"@type":"ListItem","position":2,"name":"Le parc"}]},{"@type":"WebSite","@id":"https:\/\/leklarkifouparc.alwaysdata.net\/wordpress\/#website","url":"https:\/\/leklarkifouparc.alwaysdata.net\/wordpress\/","name":"Klarkifou Parc","description":"Les plus belles aventures commencent ici","potentialAction":[{"@type":"SearchAction","target":{"@type":"EntryPoint","urlTemplate":"https:\/\/leklarkifouparc.alwaysdata.net\/wordpress\/?s={search_term_string}"},"query-input":{"@type":"PropertyValueSpecification","valueRequired":true,"valueName":"search_term_string"}}],"inLanguage":"fr-FR"}]}},"_links":{"self":[{"href":"https:\/\/leklarkifouparc.alwaysdata.net\/wordpress\/wp-json\/wp\/v2\/pages\/54","targetHints":{"allow":["GET"]}}],"collection":[{"href":"https:\/\/leklarkifouparc.alwaysdata.net\/wordpress\/wp-json\/wp\/v2\/pages"}],"about":[{"href":"https:\/\/leklarkifouparc.alwaysdata.net\/wordpress\/wp-json\/wp\/v2\/types\/page"}],"author":[{"embeddable":true,"href":"https:\/\/leklarkifouparc.alwaysdata.net\/wordpress\/wp-json\/wp\/v2\/users\/1"}],"replies":[{"embeddable":true,"href":"https:\/\/leklarkifouparc.alwaysdata.net\/wordpress\/wp-json\/wp\/v2\/comments?post=54"}],"version-history":[{"count":9,"href":"https:\/\/leklarkifouparc.alwaysdata.net\/wordpress\/wp-json\/wp\/v2\/pages\/54\/revisions"}],"predecessor-version":[{"id":81,"href":"https:\/\/leklarkifouparc.alwaysdata.net\/wordpress\/wp-json\/wp\/v2\/pages\/54\/revisions\/81"}],"wp:featuredmedia":[{"embeddable":true,"href":"https:\/\/leklarkifouparc.alwaysdata.net\/wordpress\/wp-json\/wp\/v2\/media\/31"}],"wp:attachment":[{"href":"https:\/\/leklarkifouparc.alwaysdata.net\/wordpress\/wp-json\/wp\/v2\/media?parent=54"}],"curies":[{"name":"wp","href":"https:\/\/api.w.org\/{rel}","templated":true}]}}